{"id":1239,"date":"2025-08-14T17:08:32","date_gmt":"2025-08-14T20:08:32","guid":{"rendered":"https:\/\/duobeckmontanaro.com.br\/en\/?page_id=1239"},"modified":"2025-10-20T22:01:37","modified_gmt":"2025-10-21T01:01:37","slug":"fantasia-brasil-2","status":"publish","type":"page","link":"https:\/\/duobeckmontanaro.com.br\/en\/fantasia-brasil-2\/","title":{"rendered":"Fantasia Brasil 2"},"content":{"rendered":"\t\t<div data-elementor-type=\"wp-page\" data-elementor-id=\"1239\" class=\"elementor elementor-1239\" data-elementor-post-type=\"page\">\n\t\t\t\t<div class=\"elementor-element elementor-element-3467944 e-con-full e-flex e-con e-parent\" data-id=\"3467944\" data-element_type=\"container\" data-e-type=\"container\" data-settings=\"{&quot;background_background&quot;:&quot;classic&quot;}\">\n\t\t\t\t<div class=\"elementor-element elementor-element-e412370 elementor-widget elementor-widget-spacer\" data-id=\"e412370\" data-element_type=\"widget\" data-e-type=\"widget\" data-widget_type=\"spacer.default\">\n\t\t\t\t<div class=\"elementor-widget-container\">\n\t\t\t\t\t\t\t<div class=\"elementor-spacer\">\n\t\t\t<div class=\"elementor-spacer-inner\"><\/div>\n\t\t<\/div>\n\t\t\t\t\t\t<\/div>\n\t\t\t\t<\/div>\n\t\t\t\t<div class=\"elementor-element elementor-element-d7250a0 elementor-widget elementor-widget-heading\" data-id=\"d7250a0\" data-element_type=\"widget\" data-e-type=\"widget\" data-widget_type=\"heading.default\">\n\t\t\t\t<div class=\"elementor-widget-container\">\n\t\t\t\t\t<h2 class=\"elementor-heading-title elementor-size-default\">FANTASIA BRASIL 2<\/h2>\t\t\t\t<\/div>\n\t\t\t\t<\/div>\n\t\t\t\t<div class=\"elementor-element elementor-element-a93f393 elementor-widget elementor-widget-spacer\" data-id=\"a93f393\" data-element_type=\"widget\" data-e-type=\"widget\" data-widget_type=\"spacer.default\">\n\t\t\t\t<div class=\"elementor-widget-container\">\n\t\t\t\t\t\t\t<div class=\"elementor-spacer\">\n\t\t\t<div class=\"elementor-spacer-inner\"><\/div>\n\t\t<\/div>\n\t\t\t\t\t\t<\/div>\n\t\t\t\t<\/div>\n\t\t\t\t<\/div>\n\t\t<div class=\"elementor-element elementor-element-afd13da e-flex e-con-boxed e-con e-parent\" data-id=\"afd13da\" data-element_type=\"container\" data-e-type=\"container\">\n\t\t\t\t\t<div class=\"e-con-inner\">\n\t\t<div class=\"elementor-element elementor-element-a5c6070 e-con-full e-flex e-con e-child\" data-id=\"a5c6070\" data-element_type=\"container\" data-e-type=\"container\">\n\t\t\t\t<div class=\"elementor-element elementor-element-7805d6e elementor-widget elementor-widget-image\" data-id=\"7805d6e\" data-element_type=\"widget\" data-e-type=\"widget\" data-widget_type=\"image.default\">\n\t\t\t\t<div class=\"elementor-widget-container\">\n\t\t\t\t\t\t\t\t\t\t\t\t\t\t\t\t<a href=\"https:\/\/duobeckmontanaro.com.br\/en\/wp-content\/uploads\/2025\/05\/capa-Fantasia-Brasil-2-web.jpg\" data-elementor-open-lightbox=\"yes\" data-e-action-hash=\"#elementor-action%3Aaction%3Dlightbox%26settings%3DeyJpZCI6ODMsInVybCI6Imh0dHBzOlwvXC9kdW9iZWNrbW9udGFuYXJvLmNvbS5iclwvZW5cL3dwLWNvbnRlbnRcL3VwbG9hZHNcLzIwMjVcLzA1XC9jYXBhLUZhbnRhc2lhLUJyYXNpbC0yLXdlYi5qcGcifQ%3D%3D\">\n\t\t\t\t\t\t\t<img fetchpriority=\"high\" decoding=\"async\" width=\"600\" height=\"600\" src=\"https:\/\/duobeckmontanaro.com.br\/en\/wp-content\/uploads\/2025\/05\/capa-Fantasia-Brasil-2-web.jpg\" class=\"attachment-large size-large wp-image-83\" alt=\"Fantasia Brasil 2 - Duo Beck Montanaro\" srcset=\"https:\/\/duobeckmontanaro.com.br\/en\/wp-content\/uploads\/2025\/05\/capa-Fantasia-Brasil-2-web.jpg 600w, https:\/\/duobeckmontanaro.com.br\/en\/wp-content\/uploads\/2025\/05\/capa-Fantasia-Brasil-2-web-300x300.jpg 300w, https:\/\/duobeckmontanaro.com.br\/en\/wp-content\/uploads\/2025\/05\/elementor\/thumbs\/capa-Fantasia-Brasil-2-web-r5h457cg2gppfidvtdw6x3tw8kiqbyyhvgekwpf9lo.jpg 150w, https:\/\/duobeckmontanaro.com.br\/en\/wp-content\/uploads\/2025\/05\/elementor\/thumbs\/capa-Fantasia-Brasil-2-web-r5h457cgx5v7k43hwmi0ed0qypgve77hzpm77orbmg.jpg 220w\" sizes=\"(max-width: 600px) 100vw, 600px\" \/>\t\t\t\t\t\t\t\t<\/a>\n\t\t\t\t\t\t\t\t\t\t\t\t\t\t\t<\/div>\n\t\t\t\t<\/div>\n\t\t\t\t<div class=\"elementor-element elementor-element-18ecaaf elementor-widget elementor-widget-text-editor\" data-id=\"18ecaaf\" data-element_type=\"widget\" data-e-type=\"widget\" data-widget_type=\"text-editor.default\">\n\t\t\t\t<div class=\"elementor-widget-container\">\n\t\t\t\t\t\t\t\t\t<p><strong>May 16, 2025<\/strong><br \/>\u00a9 2025 Biscoito Fino<br \/>\u2117 2025 Biscoito Fino<\/p>\t\t\t\t\t\t\t\t<\/div>\n\t\t\t\t<\/div>\n\t\t\t\t<div class=\"elementor-element elementor-element-0c27b53 elementor-widget elementor-widget-html\" data-id=\"0c27b53\" data-element_type=\"widget\" data-e-type=\"widget\" data-widget_type=\"html.default\">\n\t\t\t\t<div class=\"elementor-widget-container\">\n\t\t\t\t\t<iframe data-testid=\"embed-iframe\" style=\"border-radius:12px\" src=\"https:\/\/open.spotify.com\/embed\/album\/3H4U6MjrJmz5OToGC2O73n?utm_source=generator&theme=0\" width=\"100%\" height=\"600\" frameBorder=\"0\" allowfullscreen=\"\" allow=\"autoplay; clipboard-write; encrypted-media; fullscreen; picture-in-picture\" loading=\"lazy\"><\/iframe>\t\t\t\t<\/div>\n\t\t\t\t<\/div>\n\t\t\t\t<\/div>\n\t\t<div class=\"elementor-element elementor-element-1f0c398 e-con-full e-flex e-con e-child\" data-id=\"1f0c398\" data-element_type=\"container\" data-e-type=\"container\">\n\t\t\t\t<div class=\"elementor-element elementor-element-26210c8 elementor-widget elementor-widget-text-editor\" data-id=\"26210c8\" data-element_type=\"widget\" data-e-type=\"widget\" data-widget_type=\"text-editor.default\">\n\t\t\t\t<div class=\"elementor-widget-container\">\n\t\t\t\t\t\t\t\t\t<p>Fantasia Brasil 2, the second album by the duo Rafael Beck &amp; Felipe Montanaro, has just been released on digital platforms by the Biscoito Fino label. Acclaimed for their<br \/>originality and virtuosity, the young S\u00e3o Paulo musicians\u2014Rafael, 25, and Felipe, 19\u2014offer the public a unique musical experience, where every chord is a revelation.<\/p><p>The Duo\u2019s brilliance shines through in the way they reinvent instrumental music, blending rhythms, harmonies, and melodies in unexpected and captivating ways. Free from predictable patterns, their sophisticated arrangements and compositions mark this work with distinction at every moment. The album invites listeners on a sonic journey filled with nuances, where creative freedom meets technical excellence.<\/p><p>The repertoire presents a fusion of Brazilian music classics alongside an original composition by the Duo, breathing new life into iconic songs. Among the reinterpretations are Sapato Velho (M\u00fa Carvalho, Cl\u00e1udio Nucci, Paulinho Tapaj\u00f3s), Refazenda (Gilberto Gil), and Aprendendo a Jogar (Guilherme Arantes). In addition, the album features the vibrant original piece 20.23, composed by Rafael Beck and Felipe Montanaro, as well as an emotional instrumental medley of Oia Eu Aqui de Novo and Forr\u00f3 no Escuro (Ant\u00f4nio Barros, Luiz Gonzaga), which revives the essence of Northeastern Brazilian music with an innovative touch.<\/p><p data-start=\"106\" data-end=\"268\"><strong data-start=\"106\" data-end=\"117\">CREDITS<\/strong><br data-start=\"117\" data-end=\"120\" \/><strong data-start=\"120\" data-end=\"135\">Production:<\/strong> Newton d&#8217;\u00c1vila<br data-start=\"150\" data-end=\"153\" \/><strong data-start=\"153\" data-end=\"164\">Studio:<\/strong> &#8220;Gargol\u00e2ndia&#8221;<br data-start=\"178\" data-end=\"181\" \/><strong data-start=\"181\" data-end=\"215\">Recording, Mixing &amp; Mastering:<\/strong> Luiz Leme<br data-start=\"225\" data-end=\"228\" \/><strong data-start=\"228\" data-end=\"250\">Studio Assistants:<\/strong> Gabriel Alterio<\/p><p data-start=\"270\" data-end=\"282\"><strong data-start=\"270\" data-end=\"280\">TRACKS<\/strong><\/p><ol data-start=\"283\" data-end=\"650\"><li data-start=\"283\" data-end=\"322\"><p data-start=\"286\" data-end=\"322\"><em data-start=\"286\" data-end=\"304\">Geni e o Zepelim<\/em> \u2013 Chico Buarque<\/p><\/li><li data-start=\"323\" data-end=\"391\"><p data-start=\"326\" data-end=\"391\"><em data-start=\"326\" data-end=\"340\">Sapato Velho<\/em> \u2013 M\u00fa Carvalho \/ Cl\u00e1udio Nucci \/ Paulinho Tapaj\u00f3s<\/p><\/li><li data-start=\"392\" data-end=\"423\"><p data-start=\"395\" data-end=\"423\"><em data-start=\"395\" data-end=\"406\">Refazenda<\/em> \u2013 Gilberto Gil<\/p><\/li><li data-start=\"424\" data-end=\"469\"><p data-start=\"427\" data-end=\"469\"><em data-start=\"427\" data-end=\"447\">Aprendendo a Jogar<\/em> \u2013 Guilherme Arantes<\/p><\/li><li data-start=\"470\" data-end=\"546\"><p data-start=\"473\" data-end=\"546\"><em data-start=\"473\" data-end=\"512\">\u00d3ia Eu Aqui De Novo \/ Forr\u00f3 no Escuro<\/em> \u2013 Ant\u00f3nio Barros \/ Luiz Gonzaga<\/p><\/li><li data-start=\"547\" data-end=\"604\"><p data-start=\"550\" data-end=\"604\"><em data-start=\"550\" data-end=\"582\">Cheia de Charme \/ Deixa Chover<\/em> \u2013 Guilherme Arantes<\/p><\/li><li data-start=\"605\" data-end=\"650\"><p data-start=\"608\" data-end=\"650\"><em data-start=\"608\" data-end=\"615\">20.23<\/em> \u2013 Rafael Beck \/ Felipe Montanaro<\/p><\/li><\/ol>\t\t\t\t\t\t\t\t<\/div>\n\t\t\t\t<\/div>\n\t\t\t\t<\/div>\n\t\t\t\t\t<\/div>\n\t\t\t\t<\/div>\n\t\t<div class=\"elementor-element elementor-element-a59e70c e-flex e-con-boxed e-con e-parent\" data-id=\"a59e70c\" data-element_type=\"container\" data-e-type=\"container\">\n\t\t\t\t\t<div class=\"e-con-inner\">\n\t\t<div class=\"elementor-element elementor-element-9dffaeb e-con-full e-flex e-con e-child\" data-id=\"9dffaeb\" data-element_type=\"container\" data-e-type=\"container\">\n\t\t\t\t<\/div>\n\t\t<div class=\"elementor-element elementor-element-6fcbf6a e-con-full e-flex e-con e-child\" data-id=\"6fcbf6a\" data-element_type=\"container\" data-e-type=\"container\">\n\t\t\t\t<div class=\"elementor-element elementor-element-061611e elementor-widget elementor-widget-text-editor\" data-id=\"061611e\" data-element_type=\"widget\" data-e-type=\"widget\" data-widget_type=\"text-editor.default\">\n\t\t\t\t<div class=\"elementor-widget-container\">\n\t\t\t\t\t\t\t\t\tSee also:\t\t\t\t\t\t\t\t<\/div>\n\t\t\t\t<\/div>\n\t\t\t\t<div class=\"elementor-element elementor-element-b1243fb elementor-widget elementor-widget-image\" data-id=\"b1243fb\" data-element_type=\"widget\" data-e-type=\"widget\" data-widget_type=\"image.default\">\n\t\t\t\t<div class=\"elementor-widget-container\">\n\t\t\t\t\t\t\t\t\t\t\t\t\t\t\t\t<a href=\"https:\/\/duobeckmontanaro.com.br\/en\/fantasia-brasil\/\">\n\t\t\t\t\t\t\t<img decoding=\"async\" width=\"600\" height=\"600\" src=\"https:\/\/duobeckmontanaro.com.br\/en\/wp-content\/uploads\/2025\/08\/capa_Fantasia_Brasil_1.jpg\" class=\"elementor-animation-float attachment-full size-full wp-image-1242\" alt=\"Fantasia Brasil - Duo Beck Montanaro\" srcset=\"https:\/\/duobeckmontanaro.com.br\/en\/wp-content\/uploads\/2025\/08\/capa_Fantasia_Brasil_1.jpg 600w, https:\/\/duobeckmontanaro.com.br\/en\/wp-content\/uploads\/2025\/08\/capa_Fantasia_Brasil_1-300x300.jpg 300w, https:\/\/duobeckmontanaro.com.br\/en\/wp-content\/uploads\/2025\/08\/capa_Fantasia_Brasil_1-150x150.jpg 150w\" sizes=\"(max-width: 600px) 100vw, 600px\" \/>\t\t\t\t\t\t\t\t<\/a>\n\t\t\t\t\t\t\t\t\t\t\t\t\t\t\t<\/div>\n\t\t\t\t<\/div>\n\t\t\t\t<div class=\"elementor-element elementor-element-535ad5c elementor-widget elementor-widget-text-editor\" data-id=\"535ad5c\" data-element_type=\"widget\" data-e-type=\"widget\" data-widget_type=\"text-editor.default\">\n\t\t\t\t<div class=\"elementor-widget-container\">\n\t\t\t\t\t\t\t\t\t<p><b>Fantasia Brasil<br \/><\/b>2023<\/p>\t\t\t\t\t\t\t\t<\/div>\n\t\t\t\t<\/div>\n\t\t\t\t<\/div>\n\t\t\t\t\t<\/div>\n\t\t\t\t<\/div>\n\t\t\t\t<\/div>\n\t\t","protected":false},"excerpt":{"rendered":"<p>FANTASIA BRASIL 2 May 16, 2025\u00a9 2025 Biscoito Fino\u2117 2025 Biscoito Fino Fantasia Brasil 2, the second album by the [&hellip;]<\/p>\n","protected":false},"author":1,"featured_media":0,"parent":0,"menu_order":0,"comment_status":"closed","ping_status":"closed","template":"","meta":{"site-sidebar-layout":"no-sidebar","site-content-layout":"","ast-site-content-layout":"full-width-container","site-content-style":"default","site-sidebar-style":"default","ast-global-header-display":"","ast-banner-title-visibility":"","ast-main-header-display":"","ast-hfb-above-header-display":"","ast-hfb-below-header-display":"","ast-hfb-mobile-header-display":"","site-post-title":"disabled","ast-breadcrumbs-content":"","ast-featured-img":"disabled","footer-sml-layout":"","ast-disable-related-posts":"","theme-transparent-header-meta":"","adv-header-id-meta":"","stick-header-meta":"","header-above-stick-meta":"","header-main-stick-meta":"","header-below-stick-meta":"","astra-migrate-meta-layouts":"default","ast-page-background-enabled":"default","ast-page-background-meta":{"desktop":{"background-color":"var(--ast-global-color-5)","background-image":"","background-repeat":"repeat","background-position":"center center","background-size":"auto","background-attachment":"scroll","background-type":"","background-media":"","overlay-type":"","overlay-color":"","overlay-opacity":"","overlay-gradient":""},"tablet":{"background-color":"","background-image":"","background-repeat":"repeat","background-position":"center center","background-size":"auto","background-attachment":"scroll","background-type":"","background-media":"","overlay-type":"","overlay-color":"","overlay-opacity":"","overlay-gradient":""},"mobile":{"background-color":"","background-image":"","background-repeat":"repeat","background-position":"center center","background-size":"auto","background-attachment":"scroll","background-type":"","background-media":"","overlay-type":"","overlay-color":"","overlay-opacity":"","overlay-gradient":""}},"ast-content-background-meta":{"desktop":{"background-color":"var(--ast-global-color-4)","background-image":"","background-repeat":"repeat","background-position":"center center","background-size":"auto","background-attachment":"scroll","background-type":"","background-media":"","overlay-type":"","overlay-color":"","overlay-opacity":"","overlay-gradient":""},"tablet":{"background-color":"var(--ast-global-color-4)","background-image":"","background-repeat":"repeat","background-position":"center center","background-size":"auto","background-attachment":"scroll","background-type":"","background-media":"","overlay-type":"","overlay-color":"","overlay-opacity":"","overlay-gradient":""},"mobile":{"background-color":"var(--ast-global-color-4)","background-image":"","background-repeat":"repeat","background-position":"center center","background-size":"auto","background-attachment":"scroll","background-type":"","background-media":"","overlay-type":"","overlay-color":"","overlay-opacity":"","overlay-gradient":""}},"footnotes":""},"class_list":["post-1239","page","type-page","status-publish","hentry"],"yoast_head":"<!-- This site is optimized with the Yoast SEO plugin v27.4 - https:\/\/yoast.com\/product\/yoast-seo-wordpress\/ -->\n<title>Fantasia Brasil 2 | Duo Rafael Beck &amp; Felipe Montanaro | Brazilian Instrumental Music<\/title>\n<meta name=\"description\" content=\"A m\u00fasica instrumental brasileira ganha novos ares com o lan\u00e7amento de Fantasia Brasil 2, o segundo \u00e1lbum do duo Rafael Beck &amp; Felipe Montanaro, que acaba de chegar \u00e0s plataformas digitais pela gravadora Biscoito Fino.\" \/>\n<meta name=\"robots\" content=\"index, follow, max-snippet:-1, max-image-preview:large, max-video-preview:-1\" \/>\n<link rel=\"canonical\" href=\"https:\/\/duobeckmontanaro.com.br\/en\/fantasia-brasil-2\/\" \/>\n<meta property=\"og:locale\" content=\"pt_BR\" \/>\n<meta property=\"og:type\" content=\"article\" \/>\n<meta property=\"og:title\" content=\"Fantasia Brasil 2 | Duo Rafael Beck &amp; Felipe Montanaro | Brazilian Instrumental Music\" \/>\n<meta property=\"og:description\" content=\"A m\u00fasica instrumental brasileira ganha novos ares com o lan\u00e7amento de Fantasia Brasil 2, o segundo \u00e1lbum do duo Rafael Beck &amp; Felipe Montanaro, que acaba de chegar \u00e0s plataformas digitais pela gravadora Biscoito Fino.\" \/>\n<meta property=\"og:url\" content=\"https:\/\/duobeckmontanaro.com.br\/en\/fantasia-brasil-2\/\" \/>\n<meta property=\"og:site_name\" content=\"Duo Rafael Beck &amp; Felipe Montanaro | Brazilian Instrumental Music\" \/>\n<meta property=\"article:modified_time\" content=\"2025-10-21T01:01:37+00:00\" \/>\n<meta property=\"og:image\" content=\"https:\/\/duobeckmontanaro.com.br\/en\/wp-content\/uploads\/2025\/05\/capa-Fantasia-Brasil-2-web.jpg\" \/>\n\t<meta property=\"og:image:width\" content=\"600\" \/>\n\t<meta property=\"og:image:height\" content=\"600\" \/>\n\t<meta property=\"og:image:type\" content=\"image\/jpeg\" \/>\n<meta name=\"twitter:card\" content=\"summary_large_image\" \/>\n<meta name=\"twitter:label1\" content=\"Est. tempo de leitura\" \/>\n\t<meta name=\"twitter:data1\" content=\"3 minutos\" \/>\n<script type=\"application\/ld+json\" class=\"yoast-schema-graph\">{\"@context\":\"https:\\\/\\\/schema.org\",\"@graph\":[{\"@type\":\"WebPage\",\"@id\":\"https:\\\/\\\/duobeckmontanaro.com.br\\\/en\\\/fantasia-brasil-2\\\/\",\"url\":\"https:\\\/\\\/duobeckmontanaro.com.br\\\/en\\\/fantasia-brasil-2\\\/\",\"name\":\"Fantasia Brasil 2 | Duo Rafael Beck &amp; Felipe Montanaro | Brazilian Instrumental Music\",\"isPartOf\":{\"@id\":\"https:\\\/\\\/duobeckmontanaro.com.br\\\/en\\\/#website\"},\"primaryImageOfPage\":{\"@id\":\"https:\\\/\\\/duobeckmontanaro.com.br\\\/en\\\/fantasia-brasil-2\\\/#primaryimage\"},\"image\":{\"@id\":\"https:\\\/\\\/duobeckmontanaro.com.br\\\/en\\\/fantasia-brasil-2\\\/#primaryimage\"},\"thumbnailUrl\":\"https:\\\/\\\/duobeckmontanaro.com.br\\\/en\\\/wp-content\\\/uploads\\\/2025\\\/05\\\/capa-Fantasia-Brasil-2-web.jpg\",\"datePublished\":\"2025-08-14T20:08:32+00:00\",\"dateModified\":\"2025-10-21T01:01:37+00:00\",\"description\":\"A m\u00fasica instrumental brasileira ganha novos ares com o lan\u00e7amento de Fantasia Brasil 2, o segundo \u00e1lbum do duo Rafael Beck & Felipe Montanaro, que acaba de chegar \u00e0s plataformas digitais pela gravadora Biscoito Fino.\",\"breadcrumb\":{\"@id\":\"https:\\\/\\\/duobeckmontanaro.com.br\\\/en\\\/fantasia-brasil-2\\\/#breadcrumb\"},\"inLanguage\":\"pt-BR\",\"potentialAction\":[{\"@type\":\"ReadAction\",\"target\":[\"https:\\\/\\\/duobeckmontanaro.com.br\\\/en\\\/fantasia-brasil-2\\\/\"]}]},{\"@type\":\"ImageObject\",\"inLanguage\":\"pt-BR\",\"@id\":\"https:\\\/\\\/duobeckmontanaro.com.br\\\/en\\\/fantasia-brasil-2\\\/#primaryimage\",\"url\":\"https:\\\/\\\/duobeckmontanaro.com.br\\\/en\\\/wp-content\\\/uploads\\\/2025\\\/05\\\/capa-Fantasia-Brasil-2-web.jpg\",\"contentUrl\":\"https:\\\/\\\/duobeckmontanaro.com.br\\\/en\\\/wp-content\\\/uploads\\\/2025\\\/05\\\/capa-Fantasia-Brasil-2-web.jpg\",\"width\":600,\"height\":600,\"caption\":\"Fantasia Brasil 2 - Duo Beck Montanaro\"},{\"@type\":\"BreadcrumbList\",\"@id\":\"https:\\\/\\\/duobeckmontanaro.com.br\\\/en\\\/fantasia-brasil-2\\\/#breadcrumb\",\"itemListElement\":[{\"@type\":\"ListItem\",\"position\":1,\"name\":\"Home\",\"item\":\"https:\\\/\\\/duobeckmontanaro.com.br\\\/en\\\/\"},{\"@type\":\"ListItem\",\"position\":2,\"name\":\"Fantasia Brasil 2\"}]},{\"@type\":\"WebSite\",\"@id\":\"https:\\\/\\\/duobeckmontanaro.com.br\\\/en\\\/#website\",\"url\":\"https:\\\/\\\/duobeckmontanaro.com.br\\\/en\\\/\",\"name\":\"Duo Rafael Beck & Felipe Montanaro | Brazilian Instrumental Music\",\"description\":\"\",\"publisher\":{\"@id\":\"https:\\\/\\\/duobeckmontanaro.com.br\\\/en\\\/#\\\/schema\\\/person\\\/a8785b0ff1930473f0467f098791afab\"},\"potentialAction\":[{\"@type\":\"SearchAction\",\"target\":{\"@type\":\"EntryPoint\",\"urlTemplate\":\"https:\\\/\\\/duobeckmontanaro.com.br\\\/en\\\/?s={search_term_string}\"},\"query-input\":{\"@type\":\"PropertyValueSpecification\",\"valueRequired\":true,\"valueName\":\"search_term_string\"}}],\"inLanguage\":\"pt-BR\"},{\"@type\":[\"Person\",\"Organization\"],\"@id\":\"https:\\\/\\\/duobeckmontanaro.com.br\\\/en\\\/#\\\/schema\\\/person\\\/a8785b0ff1930473f0467f098791afab\",\"name\":\"Duo Beck e Montanaro\",\"image\":{\"@type\":\"ImageObject\",\"inLanguage\":\"pt-BR\",\"@id\":\"https:\\\/\\\/duobeckmontanaro.com.br\\\/en\\\/wp-content\\\/uploads\\\/2025\\\/08\\\/Duo_Logo_Preto_Vertical.png\",\"url\":\"https:\\\/\\\/duobeckmontanaro.com.br\\\/en\\\/wp-content\\\/uploads\\\/2025\\\/08\\\/Duo_Logo_Preto_Vertical.png\",\"contentUrl\":\"https:\\\/\\\/duobeckmontanaro.com.br\\\/en\\\/wp-content\\\/uploads\\\/2025\\\/08\\\/Duo_Logo_Preto_Vertical.png\",\"width\":1500,\"height\":655,\"caption\":\"Duo Beck e Montanaro\"},\"logo\":{\"@id\":\"https:\\\/\\\/duobeckmontanaro.com.br\\\/en\\\/wp-content\\\/uploads\\\/2025\\\/08\\\/Duo_Logo_Preto_Vertical.png\"}}]}<\/script>\n<!-- \/ Yoast SEO plugin. -->","yoast_head_json":{"title":"Fantasia Brasil 2 | Duo Rafael Beck &amp; Felipe Montanaro | Brazilian Instrumental Music","description":"A m\u00fasica instrumental brasileira ganha novos ares com o lan\u00e7amento de Fantasia Brasil 2, o segundo \u00e1lbum do duo Rafael Beck & Felipe Montanaro, que acaba de chegar \u00e0s plataformas digitais pela gravadora Biscoito Fino.","robots":{"index":"index","follow":"follow","max-snippet":"max-snippet:-1","max-image-preview":"max-image-preview:large","max-video-preview":"max-video-preview:-1"},"canonical":"https:\/\/duobeckmontanaro.com.br\/en\/fantasia-brasil-2\/","og_locale":"pt_BR","og_type":"article","og_title":"Fantasia Brasil 2 | Duo Rafael Beck &amp; Felipe Montanaro | Brazilian Instrumental Music","og_description":"A m\u00fasica instrumental brasileira ganha novos ares com o lan\u00e7amento de Fantasia Brasil 2, o segundo \u00e1lbum do duo Rafael Beck & Felipe Montanaro, que acaba de chegar \u00e0s plataformas digitais pela gravadora Biscoito Fino.","og_url":"https:\/\/duobeckmontanaro.com.br\/en\/fantasia-brasil-2\/","og_site_name":"Duo Rafael Beck &amp; Felipe Montanaro | Brazilian Instrumental Music","article_modified_time":"2025-10-21T01:01:37+00:00","og_image":[{"width":600,"height":600,"url":"https:\/\/duobeckmontanaro.com.br\/en\/wp-content\/uploads\/2025\/05\/capa-Fantasia-Brasil-2-web.jpg","type":"image\/jpeg"}],"twitter_card":"summary_large_image","twitter_misc":{"Est. tempo de leitura":"3 minutos"},"schema":{"@context":"https:\/\/schema.org","@graph":[{"@type":"WebPage","@id":"https:\/\/duobeckmontanaro.com.br\/en\/fantasia-brasil-2\/","url":"https:\/\/duobeckmontanaro.com.br\/en\/fantasia-brasil-2\/","name":"Fantasia Brasil 2 | Duo Rafael Beck &amp; Felipe Montanaro | Brazilian Instrumental Music","isPartOf":{"@id":"https:\/\/duobeckmontanaro.com.br\/en\/#website"},"primaryImageOfPage":{"@id":"https:\/\/duobeckmontanaro.com.br\/en\/fantasia-brasil-2\/#primaryimage"},"image":{"@id":"https:\/\/duobeckmontanaro.com.br\/en\/fantasia-brasil-2\/#primaryimage"},"thumbnailUrl":"https:\/\/duobeckmontanaro.com.br\/en\/wp-content\/uploads\/2025\/05\/capa-Fantasia-Brasil-2-web.jpg","datePublished":"2025-08-14T20:08:32+00:00","dateModified":"2025-10-21T01:01:37+00:00","description":"A m\u00fasica instrumental brasileira ganha novos ares com o lan\u00e7amento de Fantasia Brasil 2, o segundo \u00e1lbum do duo Rafael Beck & Felipe Montanaro, que acaba de chegar \u00e0s plataformas digitais pela gravadora Biscoito Fino.","breadcrumb":{"@id":"https:\/\/duobeckmontanaro.com.br\/en\/fantasia-brasil-2\/#breadcrumb"},"inLanguage":"pt-BR","potentialAction":[{"@type":"ReadAction","target":["https:\/\/duobeckmontanaro.com.br\/en\/fantasia-brasil-2\/"]}]},{"@type":"ImageObject","inLanguage":"pt-BR","@id":"https:\/\/duobeckmontanaro.com.br\/en\/fantasia-brasil-2\/#primaryimage","url":"https:\/\/duobeckmontanaro.com.br\/en\/wp-content\/uploads\/2025\/05\/capa-Fantasia-Brasil-2-web.jpg","contentUrl":"https:\/\/duobeckmontanaro.com.br\/en\/wp-content\/uploads\/2025\/05\/capa-Fantasia-Brasil-2-web.jpg","width":600,"height":600,"caption":"Fantasia Brasil 2 - Duo Beck Montanaro"},{"@type":"BreadcrumbList","@id":"https:\/\/duobeckmontanaro.com.br\/en\/fantasia-brasil-2\/#breadcrumb","itemListElement":[{"@type":"ListItem","position":1,"name":"Home","item":"https:\/\/duobeckmontanaro.com.br\/en\/"},{"@type":"ListItem","position":2,"name":"Fantasia Brasil 2"}]},{"@type":"WebSite","@id":"https:\/\/duobeckmontanaro.com.br\/en\/#website","url":"https:\/\/duobeckmontanaro.com.br\/en\/","name":"Duo Rafael Beck & Felipe Montanaro | Brazilian Instrumental Music","description":"","publisher":{"@id":"https:\/\/duobeckmontanaro.com.br\/en\/#\/schema\/person\/a8785b0ff1930473f0467f098791afab"},"potentialAction":[{"@type":"SearchAction","target":{"@type":"EntryPoint","urlTemplate":"https:\/\/duobeckmontanaro.com.br\/en\/?s={search_term_string}"},"query-input":{"@type":"PropertyValueSpecification","valueRequired":true,"valueName":"search_term_string"}}],"inLanguage":"pt-BR"},{"@type":["Person","Organization"],"@id":"https:\/\/duobeckmontanaro.com.br\/en\/#\/schema\/person\/a8785b0ff1930473f0467f098791afab","name":"Duo Beck e Montanaro","image":{"@type":"ImageObject","inLanguage":"pt-BR","@id":"https:\/\/duobeckmontanaro.com.br\/en\/wp-content\/uploads\/2025\/08\/Duo_Logo_Preto_Vertical.png","url":"https:\/\/duobeckmontanaro.com.br\/en\/wp-content\/uploads\/2025\/08\/Duo_Logo_Preto_Vertical.png","contentUrl":"https:\/\/duobeckmontanaro.com.br\/en\/wp-content\/uploads\/2025\/08\/Duo_Logo_Preto_Vertical.png","width":1500,"height":655,"caption":"Duo Beck e Montanaro"},"logo":{"@id":"https:\/\/duobeckmontanaro.com.br\/en\/wp-content\/uploads\/2025\/08\/Duo_Logo_Preto_Vertical.png"}}]}},"_links":{"self":[{"href":"https:\/\/duobeckmontanaro.com.br\/en\/wp-json\/wp\/v2\/pages\/1239","targetHints":{"allow":["GET"]}}],"collection":[{"href":"https:\/\/duobeckmontanaro.com.br\/en\/wp-json\/wp\/v2\/pages"}],"about":[{"href":"https:\/\/duobeckmontanaro.com.br\/en\/wp-json\/wp\/v2\/types\/page"}],"author":[{"embeddable":true,"href":"https:\/\/duobeckmontanaro.com.br\/en\/wp-json\/wp\/v2\/users\/1"}],"replies":[{"embeddable":true,"href":"https:\/\/duobeckmontanaro.com.br\/en\/wp-json\/wp\/v2\/comments?post=1239"}],"version-history":[{"count":85,"href":"https:\/\/duobeckmontanaro.com.br\/en\/wp-json\/wp\/v2\/pages\/1239\/revisions"}],"predecessor-version":[{"id":1769,"href":"https:\/\/duobeckmontanaro.com.br\/en\/wp-json\/wp\/v2\/pages\/1239\/revisions\/1769"}],"wp:attachment":[{"href":"https:\/\/duobeckmontanaro.com.br\/en\/wp-json\/wp\/v2\/media?parent=1239"}],"curies":[{"name":"wp","href":"https:\/\/api.w.org\/{rel}","templated":true}]}}