{"id":1104,"date":"2025-08-13T23:14:55","date_gmt":"2025-08-14T02:14:55","guid":{"rendered":"https:\/\/duobeckmontanaro.com.br\/en\/?page_id=1104"},"modified":"2025-10-20T21:44:05","modified_gmt":"2025-10-21T00:44:05","slug":"felipe-montanaro","status":"publish","type":"page","link":"https:\/\/duobeckmontanaro.com.br\/en\/felipe-montanaro\/","title":{"rendered":"Felipe Montanaro"},"content":{"rendered":"\t\t<div data-elementor-type=\"wp-page\" data-elementor-id=\"1104\" class=\"elementor elementor-1104\" data-elementor-post-type=\"page\">\n\t\t\t\t<div class=\"elementor-element elementor-element-d4e036d e-con-full e-flex e-con e-parent\" data-id=\"d4e036d\" data-element_type=\"container\" data-e-type=\"container\" data-settings=\"{&quot;background_background&quot;:&quot;classic&quot;}\">\n\t\t\t\t<div class=\"elementor-element elementor-element-ab70556 elementor-widget elementor-widget-spacer\" data-id=\"ab70556\" data-element_type=\"widget\" data-e-type=\"widget\" data-widget_type=\"spacer.default\">\n\t\t\t\t<div class=\"elementor-widget-container\">\n\t\t\t\t\t\t\t<div class=\"elementor-spacer\">\n\t\t\t<div class=\"elementor-spacer-inner\"><\/div>\n\t\t<\/div>\n\t\t\t\t\t\t<\/div>\n\t\t\t\t<\/div>\n\t\t\t\t<div class=\"elementor-element elementor-element-fb17af0 elementor-widget elementor-widget-heading\" data-id=\"fb17af0\" data-element_type=\"widget\" data-e-type=\"widget\" data-widget_type=\"heading.default\">\n\t\t\t\t<div class=\"elementor-widget-container\">\n\t\t\t\t\t<h2 class=\"elementor-heading-title elementor-size-default\">FELIPE MONTANARO<\/h2>\t\t\t\t<\/div>\n\t\t\t\t<\/div>\n\t\t\t\t<div class=\"elementor-element elementor-element-803f871 elementor-widget elementor-widget-spacer\" data-id=\"803f871\" data-element_type=\"widget\" data-e-type=\"widget\" data-widget_type=\"spacer.default\">\n\t\t\t\t<div class=\"elementor-widget-container\">\n\t\t\t\t\t\t\t<div class=\"elementor-spacer\">\n\t\t\t<div class=\"elementor-spacer-inner\"><\/div>\n\t\t<\/div>\n\t\t\t\t\t\t<\/div>\n\t\t\t\t<\/div>\n\t\t\t\t<\/div>\n\t\t<div class=\"elementor-element elementor-element-e794478 e-flex e-con-boxed e-con e-parent\" data-id=\"e794478\" data-element_type=\"container\" data-e-type=\"container\">\n\t\t\t\t\t<div class=\"e-con-inner\">\n\t\t<div class=\"elementor-element elementor-element-eee101e e-con-full e-flex e-con e-child\" data-id=\"eee101e\" data-element_type=\"container\" data-e-type=\"container\">\n\t\t\t\t<div class=\"elementor-element elementor-element-45592c9 elementor-widget elementor-widget-image\" data-id=\"45592c9\" data-element_type=\"widget\" data-e-type=\"widget\" data-widget_type=\"image.default\">\n\t\t\t\t<div class=\"elementor-widget-container\">\n\t\t\t\t\t\t\t\t\t\t\t\t\t\t\t<img fetchpriority=\"high\" decoding=\"async\" width=\"600\" height=\"600\" src=\"https:\/\/duobeckmontanaro.com.br\/en\/wp-content\/uploads\/2025\/08\/Felipe-Montanaro.jpg\" class=\"attachment-large size-large wp-image-1092\" alt=\"Felipe Montanaro\" srcset=\"https:\/\/duobeckmontanaro.com.br\/en\/wp-content\/uploads\/2025\/08\/Felipe-Montanaro.jpg 600w, https:\/\/duobeckmontanaro.com.br\/en\/wp-content\/uploads\/2025\/08\/Felipe-Montanaro-300x300.jpg 300w, https:\/\/duobeckmontanaro.com.br\/en\/wp-content\/uploads\/2025\/08\/Felipe-Montanaro-150x150.jpg 150w\" sizes=\"(max-width: 600px) 100vw, 600px\" \/>\t\t\t\t\t\t\t\t\t\t\t\t\t\t\t<\/div>\n\t\t\t\t<\/div>\n\t\t\t\t<\/div>\n\t\t<div class=\"elementor-element elementor-element-17312b7 e-con-full e-flex e-con e-child\" data-id=\"17312b7\" data-element_type=\"container\" data-e-type=\"container\">\n\t\t\t\t<div class=\"elementor-element elementor-element-4641022 elementor-widget elementor-widget-text-editor\" data-id=\"4641022\" data-element_type=\"widget\" data-e-type=\"widget\" data-widget_type=\"text-editor.default\">\n\t\t\t\t<div class=\"elementor-widget-container\">\n\t\t\t\t\t\t\t\t\t<p>Currently 20 years old, Felipe Montanaro is a multi-instrumentalist, composer, and arranger born in S\u00e3o Paulo. He began studying music at the age of eight with the keyboard, and over more than 10 years explored piano, accordion, bass, guitar, and acoustic guitar, with piano as his main focus. He studied classical piano in his childhood, developing a solid technical foundation and an early interest in popular music.<\/p><p>In 2018, after moving to Bragan\u00e7a Paulista, he began studying jazz and Brazilian music with pianist Albano Sales. During the pandemic, he took lessons with Itiber\u00ea Zwarg, attended workshops, and completed online courses, including one at Juilliard School and another with Andr\u00e9 Marques. He also studied accordion with Toninho Ferragutti.<\/p><p>In 2021, he recorded the project Ra\u00edzes, featuring special guests Toninho Ferragutti and Fil\u00f3 Machado.<\/p><p>In 2022, he performed his first solo piano concert at Teatro Carlos Gomes in Bragan\u00e7a Paulista, presenting a repertoire that combined original compositions with reinterpretations of works by Egberto Gismonti, Hermeto Pascoal, and Astor Piazzolla. The concert\u2019s success brought him back to the same stage in November 2023 for another sold-out performance.<\/p><p>Felipe is also a member of Trio Maniva, with whom he released the album Vol. 1, and he plays in the band of singer Fernanda Ouro.<\/p>\t\t\t\t\t\t\t\t<\/div>\n\t\t\t\t<\/div>\n\t\t\t\t<\/div>\n\t\t\t\t\t<\/div>\n\t\t\t\t<\/div>\n\t\t\t\t<\/div>\n\t\t","protected":false},"excerpt":{"rendered":"<p>FELIPE MONTANARO Currently 20 years old, Felipe Montanaro is a multi-instrumentalist, composer, and arranger born in S\u00e3o Paulo. He began [&hellip;]<\/p>\n","protected":false},"author":1,"featured_media":0,"parent":0,"menu_order":0,"comment_status":"closed","ping_status":"closed","template":"","meta":{"site-sidebar-layout":"no-sidebar","site-content-layout":"","ast-site-content-layout":"full-width-container","site-content-style":"default","site-sidebar-style":"default","ast-global-header-display":"","ast-banner-title-visibility":"","ast-main-header-display":"","ast-hfb-above-header-display":"","ast-hfb-below-header-display":"","ast-hfb-mobile-header-display":"","site-post-title":"disabled","ast-breadcrumbs-content":"","ast-featured-img":"disabled","footer-sml-layout":"","ast-disable-related-posts":"","theme-transparent-header-meta":"","adv-header-id-meta":"","stick-header-meta":"","header-above-stick-meta":"","header-main-stick-meta":"","header-below-stick-meta":"","astra-migrate-meta-layouts":"default","ast-page-background-enabled":"default","ast-page-background-meta":{"desktop":{"background-color":"var(--ast-global-color-5)","background-image":"","background-repeat":"repeat","background-position":"center center","background-size":"auto","background-attachment":"scroll","background-type":"","background-media":"","overlay-type":"","overlay-color":"","overlay-opacity":"","overlay-gradient":""},"tablet":{"background-color":"","background-image":"","background-repeat":"repeat","background-position":"center center","background-size":"auto","background-attachment":"scroll","background-type":"","background-media":"","overlay-type":"","overlay-color":"","overlay-opacity":"","overlay-gradient":""},"mobile":{"background-color":"","background-image":"","background-repeat":"repeat","background-position":"center center","background-size":"auto","background-attachment":"scroll","background-type":"","background-media":"","overlay-type":"","overlay-color":"","overlay-opacity":"","overlay-gradient":""}},"ast-content-background-meta":{"desktop":{"background-color":"var(--ast-global-color-4)","background-image":"","background-repeat":"repeat","background-position":"center center","background-size":"auto","background-attachment":"scroll","background-type":"","background-media":"","overlay-type":"","overlay-color":"","overlay-opacity":"","overlay-gradient":""},"tablet":{"background-color":"var(--ast-global-color-4)","background-image":"","background-repeat":"repeat","background-position":"center center","background-size":"auto","background-attachment":"scroll","background-type":"","background-media":"","overlay-type":"","overlay-color":"","overlay-opacity":"","overlay-gradient":""},"mobile":{"background-color":"var(--ast-global-color-4)","background-image":"","background-repeat":"repeat","background-position":"center center","background-size":"auto","background-attachment":"scroll","background-type":"","background-media":"","overlay-type":"","overlay-color":"","overlay-opacity":"","overlay-gradient":""}},"footnotes":""},"class_list":["post-1104","page","type-page","status-publish","hentry"],"yoast_head":"<!-- This site is optimized with the Yoast SEO plugin v27.4 - https:\/\/yoast.com\/product\/yoast-seo-wordpress\/ -->\n<title>Felipe Montanaro | Duo Rafael Beck &amp; Felipe Montanaro | Brazilian Instrumental Music<\/title>\n<meta name=\"description\" content=\"Felipe Montanaro \u00e9 um talentoso multi-instrumentista, compositor e arranjador nascido em S\u00e3o Paulo, que vem se destacando pela t\u00e9cnica apurada e pela originalidade de suas composi\u00e7\u00f5es.\" \/>\n<meta name=\"robots\" content=\"index, follow, max-snippet:-1, max-image-preview:large, max-video-preview:-1\" \/>\n<link rel=\"canonical\" href=\"https:\/\/duobeckmontanaro.com.br\/en\/felipe-montanaro\/\" \/>\n<meta property=\"og:locale\" content=\"pt_BR\" \/>\n<meta property=\"og:type\" content=\"article\" \/>\n<meta property=\"og:title\" content=\"Felipe Montanaro | Duo Rafael Beck &amp; Felipe Montanaro | Brazilian Instrumental Music\" \/>\n<meta property=\"og:description\" content=\"Felipe Montanaro \u00e9 um talentoso multi-instrumentista, compositor e arranjador nascido em S\u00e3o Paulo, que vem se destacando pela t\u00e9cnica apurada e pela originalidade de suas composi\u00e7\u00f5es.\" \/>\n<meta property=\"og:url\" content=\"https:\/\/duobeckmontanaro.com.br\/en\/felipe-montanaro\/\" \/>\n<meta property=\"og:site_name\" content=\"Duo Rafael Beck &amp; Felipe Montanaro | Brazilian Instrumental Music\" \/>\n<meta property=\"article:modified_time\" content=\"2025-10-21T00:44:05+00:00\" \/>\n<meta property=\"og:image\" content=\"https:\/\/duobeckmontanaro.com.br\/en\/wp-content\/uploads\/2025\/08\/Felipe-Montanaro.jpg\" \/>\n\t<meta property=\"og:image:width\" content=\"600\" \/>\n\t<meta property=\"og:image:height\" content=\"600\" \/>\n\t<meta property=\"og:image:type\" content=\"image\/jpeg\" \/>\n<meta name=\"twitter:card\" content=\"summary_large_image\" \/>\n<meta name=\"twitter:label1\" content=\"Est. tempo de leitura\" \/>\n\t<meta name=\"twitter:data1\" content=\"2 minutos\" \/>\n<script type=\"application\/ld+json\" class=\"yoast-schema-graph\">{\"@context\":\"https:\\\/\\\/schema.org\",\"@graph\":[{\"@type\":\"WebPage\",\"@id\":\"https:\\\/\\\/duobeckmontanaro.com.br\\\/en\\\/felipe-montanaro\\\/\",\"url\":\"https:\\\/\\\/duobeckmontanaro.com.br\\\/en\\\/felipe-montanaro\\\/\",\"name\":\"Felipe Montanaro | Duo Rafael Beck &amp; Felipe Montanaro | Brazilian Instrumental Music\",\"isPartOf\":{\"@id\":\"https:\\\/\\\/duobeckmontanaro.com.br\\\/en\\\/#website\"},\"primaryImageOfPage\":{\"@id\":\"https:\\\/\\\/duobeckmontanaro.com.br\\\/en\\\/felipe-montanaro\\\/#primaryimage\"},\"image\":{\"@id\":\"https:\\\/\\\/duobeckmontanaro.com.br\\\/en\\\/felipe-montanaro\\\/#primaryimage\"},\"thumbnailUrl\":\"https:\\\/\\\/duobeckmontanaro.com.br\\\/en\\\/wp-content\\\/uploads\\\/2025\\\/08\\\/Felipe-Montanaro.jpg\",\"datePublished\":\"2025-08-14T02:14:55+00:00\",\"dateModified\":\"2025-10-21T00:44:05+00:00\",\"description\":\"Felipe Montanaro \u00e9 um talentoso multi-instrumentista, compositor e arranjador nascido em S\u00e3o Paulo, que vem se destacando pela t\u00e9cnica apurada e pela originalidade de suas composi\u00e7\u00f5es.\",\"breadcrumb\":{\"@id\":\"https:\\\/\\\/duobeckmontanaro.com.br\\\/en\\\/felipe-montanaro\\\/#breadcrumb\"},\"inLanguage\":\"pt-BR\",\"potentialAction\":[{\"@type\":\"ReadAction\",\"target\":[\"https:\\\/\\\/duobeckmontanaro.com.br\\\/en\\\/felipe-montanaro\\\/\"]}]},{\"@type\":\"ImageObject\",\"inLanguage\":\"pt-BR\",\"@id\":\"https:\\\/\\\/duobeckmontanaro.com.br\\\/en\\\/felipe-montanaro\\\/#primaryimage\",\"url\":\"https:\\\/\\\/duobeckmontanaro.com.br\\\/en\\\/wp-content\\\/uploads\\\/2025\\\/08\\\/Felipe-Montanaro.jpg\",\"contentUrl\":\"https:\\\/\\\/duobeckmontanaro.com.br\\\/en\\\/wp-content\\\/uploads\\\/2025\\\/08\\\/Felipe-Montanaro.jpg\",\"width\":600,\"height\":600,\"caption\":\"Felipe Montanaro\"},{\"@type\":\"BreadcrumbList\",\"@id\":\"https:\\\/\\\/duobeckmontanaro.com.br\\\/en\\\/felipe-montanaro\\\/#breadcrumb\",\"itemListElement\":[{\"@type\":\"ListItem\",\"position\":1,\"name\":\"Home\",\"item\":\"https:\\\/\\\/duobeckmontanaro.com.br\\\/en\\\/\"},{\"@type\":\"ListItem\",\"position\":2,\"name\":\"Felipe Montanaro\"}]},{\"@type\":\"WebSite\",\"@id\":\"https:\\\/\\\/duobeckmontanaro.com.br\\\/en\\\/#website\",\"url\":\"https:\\\/\\\/duobeckmontanaro.com.br\\\/en\\\/\",\"name\":\"Duo Rafael Beck & Felipe Montanaro | Brazilian Instrumental Music\",\"description\":\"\",\"publisher\":{\"@id\":\"https:\\\/\\\/duobeckmontanaro.com.br\\\/en\\\/#\\\/schema\\\/person\\\/a8785b0ff1930473f0467f098791afab\"},\"potentialAction\":[{\"@type\":\"SearchAction\",\"target\":{\"@type\":\"EntryPoint\",\"urlTemplate\":\"https:\\\/\\\/duobeckmontanaro.com.br\\\/en\\\/?s={search_term_string}\"},\"query-input\":{\"@type\":\"PropertyValueSpecification\",\"valueRequired\":true,\"valueName\":\"search_term_string\"}}],\"inLanguage\":\"pt-BR\"},{\"@type\":[\"Person\",\"Organization\"],\"@id\":\"https:\\\/\\\/duobeckmontanaro.com.br\\\/en\\\/#\\\/schema\\\/person\\\/a8785b0ff1930473f0467f098791afab\",\"name\":\"Duo Beck e Montanaro\",\"image\":{\"@type\":\"ImageObject\",\"inLanguage\":\"pt-BR\",\"@id\":\"https:\\\/\\\/duobeckmontanaro.com.br\\\/en\\\/wp-content\\\/uploads\\\/2025\\\/08\\\/Duo_Logo_Preto_Vertical.png\",\"url\":\"https:\\\/\\\/duobeckmontanaro.com.br\\\/en\\\/wp-content\\\/uploads\\\/2025\\\/08\\\/Duo_Logo_Preto_Vertical.png\",\"contentUrl\":\"https:\\\/\\\/duobeckmontanaro.com.br\\\/en\\\/wp-content\\\/uploads\\\/2025\\\/08\\\/Duo_Logo_Preto_Vertical.png\",\"width\":1500,\"height\":655,\"caption\":\"Duo Beck e Montanaro\"},\"logo\":{\"@id\":\"https:\\\/\\\/duobeckmontanaro.com.br\\\/en\\\/wp-content\\\/uploads\\\/2025\\\/08\\\/Duo_Logo_Preto_Vertical.png\"}}]}<\/script>\n<!-- \/ Yoast SEO plugin. -->","yoast_head_json":{"title":"Felipe Montanaro | Duo Rafael Beck &amp; Felipe Montanaro | Brazilian Instrumental Music","description":"Felipe Montanaro \u00e9 um talentoso multi-instrumentista, compositor e arranjador nascido em S\u00e3o Paulo, que vem se destacando pela t\u00e9cnica apurada e pela originalidade de suas composi\u00e7\u00f5es.","robots":{"index":"index","follow":"follow","max-snippet":"max-snippet:-1","max-image-preview":"max-image-preview:large","max-video-preview":"max-video-preview:-1"},"canonical":"https:\/\/duobeckmontanaro.com.br\/en\/felipe-montanaro\/","og_locale":"pt_BR","og_type":"article","og_title":"Felipe Montanaro | Duo Rafael Beck &amp; Felipe Montanaro | Brazilian Instrumental Music","og_description":"Felipe Montanaro \u00e9 um talentoso multi-instrumentista, compositor e arranjador nascido em S\u00e3o Paulo, que vem se destacando pela t\u00e9cnica apurada e pela originalidade de suas composi\u00e7\u00f5es.","og_url":"https:\/\/duobeckmontanaro.com.br\/en\/felipe-montanaro\/","og_site_name":"Duo Rafael Beck &amp; Felipe Montanaro | Brazilian Instrumental Music","article_modified_time":"2025-10-21T00:44:05+00:00","og_image":[{"width":600,"height":600,"url":"https:\/\/duobeckmontanaro.com.br\/en\/wp-content\/uploads\/2025\/08\/Felipe-Montanaro.jpg","type":"image\/jpeg"}],"twitter_card":"summary_large_image","twitter_misc":{"Est. tempo de leitura":"2 minutos"},"schema":{"@context":"https:\/\/schema.org","@graph":[{"@type":"WebPage","@id":"https:\/\/duobeckmontanaro.com.br\/en\/felipe-montanaro\/","url":"https:\/\/duobeckmontanaro.com.br\/en\/felipe-montanaro\/","name":"Felipe Montanaro | Duo Rafael Beck &amp; Felipe Montanaro | Brazilian Instrumental Music","isPartOf":{"@id":"https:\/\/duobeckmontanaro.com.br\/en\/#website"},"primaryImageOfPage":{"@id":"https:\/\/duobeckmontanaro.com.br\/en\/felipe-montanaro\/#primaryimage"},"image":{"@id":"https:\/\/duobeckmontanaro.com.br\/en\/felipe-montanaro\/#primaryimage"},"thumbnailUrl":"https:\/\/duobeckmontanaro.com.br\/en\/wp-content\/uploads\/2025\/08\/Felipe-Montanaro.jpg","datePublished":"2025-08-14T02:14:55+00:00","dateModified":"2025-10-21T00:44:05+00:00","description":"Felipe Montanaro \u00e9 um talentoso multi-instrumentista, compositor e arranjador nascido em S\u00e3o Paulo, que vem se destacando pela t\u00e9cnica apurada e pela originalidade de suas composi\u00e7\u00f5es.","breadcrumb":{"@id":"https:\/\/duobeckmontanaro.com.br\/en\/felipe-montanaro\/#breadcrumb"},"inLanguage":"pt-BR","potentialAction":[{"@type":"ReadAction","target":["https:\/\/duobeckmontanaro.com.br\/en\/felipe-montanaro\/"]}]},{"@type":"ImageObject","inLanguage":"pt-BR","@id":"https:\/\/duobeckmontanaro.com.br\/en\/felipe-montanaro\/#primaryimage","url":"https:\/\/duobeckmontanaro.com.br\/en\/wp-content\/uploads\/2025\/08\/Felipe-Montanaro.jpg","contentUrl":"https:\/\/duobeckmontanaro.com.br\/en\/wp-content\/uploads\/2025\/08\/Felipe-Montanaro.jpg","width":600,"height":600,"caption":"Felipe Montanaro"},{"@type":"BreadcrumbList","@id":"https:\/\/duobeckmontanaro.com.br\/en\/felipe-montanaro\/#breadcrumb","itemListElement":[{"@type":"ListItem","position":1,"name":"Home","item":"https:\/\/duobeckmontanaro.com.br\/en\/"},{"@type":"ListItem","position":2,"name":"Felipe Montanaro"}]},{"@type":"WebSite","@id":"https:\/\/duobeckmontanaro.com.br\/en\/#website","url":"https:\/\/duobeckmontanaro.com.br\/en\/","name":"Duo Rafael Beck & Felipe Montanaro | Brazilian Instrumental Music","description":"","publisher":{"@id":"https:\/\/duobeckmontanaro.com.br\/en\/#\/schema\/person\/a8785b0ff1930473f0467f098791afab"},"potentialAction":[{"@type":"SearchAction","target":{"@type":"EntryPoint","urlTemplate":"https:\/\/duobeckmontanaro.com.br\/en\/?s={search_term_string}"},"query-input":{"@type":"PropertyValueSpecification","valueRequired":true,"valueName":"search_term_string"}}],"inLanguage":"pt-BR"},{"@type":["Person","Organization"],"@id":"https:\/\/duobeckmontanaro.com.br\/en\/#\/schema\/person\/a8785b0ff1930473f0467f098791afab","name":"Duo Beck e Montanaro","image":{"@type":"ImageObject","inLanguage":"pt-BR","@id":"https:\/\/duobeckmontanaro.com.br\/en\/wp-content\/uploads\/2025\/08\/Duo_Logo_Preto_Vertical.png","url":"https:\/\/duobeckmontanaro.com.br\/en\/wp-content\/uploads\/2025\/08\/Duo_Logo_Preto_Vertical.png","contentUrl":"https:\/\/duobeckmontanaro.com.br\/en\/wp-content\/uploads\/2025\/08\/Duo_Logo_Preto_Vertical.png","width":1500,"height":655,"caption":"Duo Beck e Montanaro"},"logo":{"@id":"https:\/\/duobeckmontanaro.com.br\/en\/wp-content\/uploads\/2025\/08\/Duo_Logo_Preto_Vertical.png"}}]}},"_links":{"self":[{"href":"https:\/\/duobeckmontanaro.com.br\/en\/wp-json\/wp\/v2\/pages\/1104","targetHints":{"allow":["GET"]}}],"collection":[{"href":"https:\/\/duobeckmontanaro.com.br\/en\/wp-json\/wp\/v2\/pages"}],"about":[{"href":"https:\/\/duobeckmontanaro.com.br\/en\/wp-json\/wp\/v2\/types\/page"}],"author":[{"embeddable":true,"href":"https:\/\/duobeckmontanaro.com.br\/en\/wp-json\/wp\/v2\/users\/1"}],"replies":[{"embeddable":true,"href":"https:\/\/duobeckmontanaro.com.br\/en\/wp-json\/wp\/v2\/comments?post=1104"}],"version-history":[{"count":22,"href":"https:\/\/duobeckmontanaro.com.br\/en\/wp-json\/wp\/v2\/pages\/1104\/revisions"}],"predecessor-version":[{"id":1747,"href":"https:\/\/duobeckmontanaro.com.br\/en\/wp-json\/wp\/v2\/pages\/1104\/revisions\/1747"}],"wp:attachment":[{"href":"https:\/\/duobeckmontanaro.com.br\/en\/wp-json\/wp\/v2\/media?parent=1104"}],"curies":[{"name":"wp","href":"https:\/\/api.w.org\/{rel}","templated":true}]}}