{"id":1086,"date":"2025-08-13T22:31:42","date_gmt":"2025-08-14T01:31:42","guid":{"rendered":"https:\/\/duobeckmontanaro.com.br\/en\/?page_id=1086"},"modified":"2025-10-20T21:42:22","modified_gmt":"2025-10-21T00:42:22","slug":"rafael-beck","status":"publish","type":"page","link":"https:\/\/duobeckmontanaro.com.br\/en\/rafael-beck\/","title":{"rendered":"Rafael Beck"},"content":{"rendered":"\t\t<div data-elementor-type=\"wp-page\" data-elementor-id=\"1086\" class=\"elementor elementor-1086\" data-elementor-post-type=\"page\">\n\t\t\t\t<div class=\"elementor-element elementor-element-ddecb1d e-con-full e-flex e-con e-parent\" data-id=\"ddecb1d\" data-element_type=\"container\" data-e-type=\"container\" data-settings=\"{&quot;background_background&quot;:&quot;classic&quot;}\">\n\t\t\t\t<div class=\"elementor-element elementor-element-1b5b6c0 elementor-widget elementor-widget-spacer\" data-id=\"1b5b6c0\" data-element_type=\"widget\" data-e-type=\"widget\" data-widget_type=\"spacer.default\">\n\t\t\t\t<div class=\"elementor-widget-container\">\n\t\t\t\t\t\t\t<div class=\"elementor-spacer\">\n\t\t\t<div class=\"elementor-spacer-inner\"><\/div>\n\t\t<\/div>\n\t\t\t\t\t\t<\/div>\n\t\t\t\t<\/div>\n\t\t\t\t<div class=\"elementor-element elementor-element-ace12ed elementor-widget elementor-widget-heading\" data-id=\"ace12ed\" data-element_type=\"widget\" data-e-type=\"widget\" data-widget_type=\"heading.default\">\n\t\t\t\t<div class=\"elementor-widget-container\">\n\t\t\t\t\t<h2 class=\"elementor-heading-title elementor-size-default\">rafael beck<\/h2>\t\t\t\t<\/div>\n\t\t\t\t<\/div>\n\t\t\t\t<div class=\"elementor-element elementor-element-c72f80e elementor-widget elementor-widget-spacer\" data-id=\"c72f80e\" data-element_type=\"widget\" data-e-type=\"widget\" data-widget_type=\"spacer.default\">\n\t\t\t\t<div class=\"elementor-widget-container\">\n\t\t\t\t\t\t\t<div class=\"elementor-spacer\">\n\t\t\t<div class=\"elementor-spacer-inner\"><\/div>\n\t\t<\/div>\n\t\t\t\t\t\t<\/div>\n\t\t\t\t<\/div>\n\t\t\t\t<\/div>\n\t\t<div class=\"elementor-element elementor-element-c81c39c e-flex e-con-boxed e-con e-parent\" data-id=\"c81c39c\" data-element_type=\"container\" data-e-type=\"container\">\n\t\t\t\t\t<div class=\"e-con-inner\">\n\t\t<div class=\"elementor-element elementor-element-5cc0944 e-con-full e-flex e-con e-child\" data-id=\"5cc0944\" data-element_type=\"container\" data-e-type=\"container\">\n\t\t\t\t<div class=\"elementor-element elementor-element-83f3361 elementor-widget elementor-widget-image\" data-id=\"83f3361\" data-element_type=\"widget\" data-e-type=\"widget\" data-widget_type=\"image.default\">\n\t\t\t\t<div class=\"elementor-widget-container\">\n\t\t\t\t\t\t\t\t\t\t\t\t\t\t\t<img fetchpriority=\"high\" decoding=\"async\" width=\"600\" height=\"600\" src=\"https:\/\/duobeckmontanaro.com.br\/en\/wp-content\/uploads\/2025\/08\/Rafael-Beck.jpg\" class=\"attachment-large size-large wp-image-1093\" alt=\"Rafael Beck\" srcset=\"https:\/\/duobeckmontanaro.com.br\/en\/wp-content\/uploads\/2025\/08\/Rafael-Beck.jpg 600w, https:\/\/duobeckmontanaro.com.br\/en\/wp-content\/uploads\/2025\/08\/Rafael-Beck-300x300.jpg 300w, https:\/\/duobeckmontanaro.com.br\/en\/wp-content\/uploads\/2025\/08\/Rafael-Beck-150x150.jpg 150w\" sizes=\"(max-width: 600px) 100vw, 600px\" \/>\t\t\t\t\t\t\t\t\t\t\t\t\t\t\t<\/div>\n\t\t\t\t<\/div>\n\t\t\t\t<\/div>\n\t\t<div class=\"elementor-element elementor-element-33d43b4 e-con-full e-flex e-con e-child\" data-id=\"33d43b4\" data-element_type=\"container\" data-e-type=\"container\">\n\t\t\t\t<div class=\"elementor-element elementor-element-547b7fe elementor-widget elementor-widget-text-editor\" data-id=\"547b7fe\" data-element_type=\"widget\" data-e-type=\"widget\" data-widget_type=\"text-editor.default\">\n\t\t\t\t<div class=\"elementor-widget-container\">\n\t\t\t\t\t\t\t\t\t<p>Today with 25 yers, the musician began his studies on the recorder at the age of six. At seven, he recorded his first CD, featuring a highly eclectic repertoire that ranged from Tom Jobim to the Beatles, as well as Dorival Caymmi and Pixinguinha. From age eleven to seventeen, he studied at EMESP Tom Jobim. He later enrolled at Souza Lima College in S\u00e3o Paulo, where he graduated with a Bachelor\u2019s degree in Music in 2022.<\/p><p>In 2017, together with guitarist Rafael Schimidt, he released an album paying tribute to flutist Altamiro Carrilho, featuring a repertoire of Carrilho\u2019s own compositions.<\/p><p>With more than seven years of professional experience, Rafael has performed in concerts with renowned artists such as Dominguinhos, Ivan Lins, and Hermeto Pascoal, in addition to sharing the stage with many instrumentalists, including the brilliant Proveta.<\/p><p>He has taken part in several instrumental music festivals across Brazil and performed in numerous SESC venues, including the prestigious \u201cInstrumental Sesc Brasil\u201d series, which resulted in a DVD now available on SESC\u2019s official YouTube channel.<\/p>\t\t\t\t\t\t\t\t<\/div>\n\t\t\t\t<\/div>\n\t\t\t\t<\/div>\n\t\t\t\t\t<\/div>\n\t\t\t\t<\/div>\n\t\t\t\t<\/div>\n\t\t","protected":false},"excerpt":{"rendered":"<p>rafael beck Today with 25 yers, the musician began his studies on the recorder at the age of six. At [&hellip;]<\/p>\n","protected":false},"author":1,"featured_media":0,"parent":0,"menu_order":0,"comment_status":"closed","ping_status":"closed","template":"","meta":{"site-sidebar-layout":"no-sidebar","site-content-layout":"","ast-site-content-layout":"full-width-container","site-content-style":"default","site-sidebar-style":"default","ast-global-header-display":"","ast-banner-title-visibility":"","ast-main-header-display":"","ast-hfb-above-header-display":"","ast-hfb-below-header-display":"","ast-hfb-mobile-header-display":"","site-post-title":"disabled","ast-breadcrumbs-content":"","ast-featured-img":"disabled","footer-sml-layout":"","ast-disable-related-posts":"","theme-transparent-header-meta":"","adv-header-id-meta":"","stick-header-meta":"","header-above-stick-meta":"","header-main-stick-meta":"","header-below-stick-meta":"","astra-migrate-meta-layouts":"default","ast-page-background-enabled":"default","ast-page-background-meta":{"desktop":{"background-color":"var(--ast-global-color-5)","background-image":"","background-repeat":"repeat","background-position":"center center","background-size":"auto","background-attachment":"scroll","background-type":"","background-media":"","overlay-type":"","overlay-color":"","overlay-opacity":"","overlay-gradient":""},"tablet":{"background-color":"","background-image":"","background-repeat":"repeat","background-position":"center center","background-size":"auto","background-attachment":"scroll","background-type":"","background-media":"","overlay-type":"","overlay-color":"","overlay-opacity":"","overlay-gradient":""},"mobile":{"background-color":"","background-image":"","background-repeat":"repeat","background-position":"center center","background-size":"auto","background-attachment":"scroll","background-type":"","background-media":"","overlay-type":"","overlay-color":"","overlay-opacity":"","overlay-gradient":""}},"ast-content-background-meta":{"desktop":{"background-color":"var(--ast-global-color-4)","background-image":"","background-repeat":"repeat","background-position":"center center","background-size":"auto","background-attachment":"scroll","background-type":"","background-media":"","overlay-type":"","overlay-color":"","overlay-opacity":"","overlay-gradient":""},"tablet":{"background-color":"var(--ast-global-color-4)","background-image":"","background-repeat":"repeat","background-position":"center center","background-size":"auto","background-attachment":"scroll","background-type":"","background-media":"","overlay-type":"","overlay-color":"","overlay-opacity":"","overlay-gradient":""},"mobile":{"background-color":"var(--ast-global-color-4)","background-image":"","background-repeat":"repeat","background-position":"center center","background-size":"auto","background-attachment":"scroll","background-type":"","background-media":"","overlay-type":"","overlay-color":"","overlay-opacity":"","overlay-gradient":""}},"footnotes":""},"class_list":["post-1086","page","type-page","status-publish","hentry"],"yoast_head":"<!-- This site is optimized with the Yoast SEO plugin v27.4 - https:\/\/yoast.com\/product\/yoast-seo-wordpress\/ -->\n<title>Rafael Beck | Duo Rafael Beck &amp; Felipe Montanaro | Brazilian Instrumental Music<\/title>\n<meta name=\"description\" content=\"Rafael Beck \u00e9 um multi-instrumentista de grande versatilidade, cuja trajet\u00f3ria musical come\u00e7ou aos seis anos de idade, quando iniciou seus estudos em flauta doce.\" \/>\n<meta name=\"robots\" content=\"index, follow, max-snippet:-1, max-image-preview:large, max-video-preview:-1\" \/>\n<link rel=\"canonical\" href=\"https:\/\/duobeckmontanaro.com.br\/en\/rafael-beck\/\" \/>\n<meta property=\"og:locale\" content=\"pt_BR\" \/>\n<meta property=\"og:type\" content=\"article\" \/>\n<meta property=\"og:title\" content=\"Rafael Beck | Duo Rafael Beck &amp; Felipe Montanaro | Brazilian Instrumental Music\" \/>\n<meta property=\"og:description\" content=\"Rafael Beck \u00e9 um multi-instrumentista de grande versatilidade, cuja trajet\u00f3ria musical come\u00e7ou aos seis anos de idade, quando iniciou seus estudos em flauta doce.\" \/>\n<meta property=\"og:url\" content=\"https:\/\/duobeckmontanaro.com.br\/en\/rafael-beck\/\" \/>\n<meta property=\"og:site_name\" content=\"Duo Rafael Beck &amp; Felipe Montanaro | Brazilian Instrumental Music\" \/>\n<meta property=\"article:modified_time\" content=\"2025-10-21T00:42:22+00:00\" \/>\n<meta property=\"og:image\" content=\"https:\/\/duobeckmontanaro.com.br\/en\/wp-content\/uploads\/2025\/08\/Rafael-Beck.jpg\" \/>\n\t<meta property=\"og:image:width\" content=\"600\" \/>\n\t<meta property=\"og:image:height\" content=\"600\" \/>\n\t<meta property=\"og:image:type\" content=\"image\/jpeg\" \/>\n<meta name=\"twitter:card\" content=\"summary_large_image\" \/>\n<meta name=\"twitter:label1\" content=\"Est. tempo de leitura\" \/>\n\t<meta name=\"twitter:data1\" content=\"2 minutos\" \/>\n<script type=\"application\/ld+json\" class=\"yoast-schema-graph\">{\"@context\":\"https:\\\/\\\/schema.org\",\"@graph\":[{\"@type\":\"WebPage\",\"@id\":\"https:\\\/\\\/duobeckmontanaro.com.br\\\/en\\\/rafael-beck\\\/\",\"url\":\"https:\\\/\\\/duobeckmontanaro.com.br\\\/en\\\/rafael-beck\\\/\",\"name\":\"Rafael Beck | Duo Rafael Beck &amp; Felipe Montanaro | Brazilian Instrumental Music\",\"isPartOf\":{\"@id\":\"https:\\\/\\\/duobeckmontanaro.com.br\\\/en\\\/#website\"},\"primaryImageOfPage\":{\"@id\":\"https:\\\/\\\/duobeckmontanaro.com.br\\\/en\\\/rafael-beck\\\/#primaryimage\"},\"image\":{\"@id\":\"https:\\\/\\\/duobeckmontanaro.com.br\\\/en\\\/rafael-beck\\\/#primaryimage\"},\"thumbnailUrl\":\"https:\\\/\\\/duobeckmontanaro.com.br\\\/en\\\/wp-content\\\/uploads\\\/2025\\\/08\\\/Rafael-Beck.jpg\",\"datePublished\":\"2025-08-14T01:31:42+00:00\",\"dateModified\":\"2025-10-21T00:42:22+00:00\",\"description\":\"Rafael Beck \u00e9 um multi-instrumentista de grande versatilidade, cuja trajet\u00f3ria musical come\u00e7ou aos seis anos de idade, quando iniciou seus estudos em flauta doce.\",\"breadcrumb\":{\"@id\":\"https:\\\/\\\/duobeckmontanaro.com.br\\\/en\\\/rafael-beck\\\/#breadcrumb\"},\"inLanguage\":\"pt-BR\",\"potentialAction\":[{\"@type\":\"ReadAction\",\"target\":[\"https:\\\/\\\/duobeckmontanaro.com.br\\\/en\\\/rafael-beck\\\/\"]}]},{\"@type\":\"ImageObject\",\"inLanguage\":\"pt-BR\",\"@id\":\"https:\\\/\\\/duobeckmontanaro.com.br\\\/en\\\/rafael-beck\\\/#primaryimage\",\"url\":\"https:\\\/\\\/duobeckmontanaro.com.br\\\/en\\\/wp-content\\\/uploads\\\/2025\\\/08\\\/Rafael-Beck.jpg\",\"contentUrl\":\"https:\\\/\\\/duobeckmontanaro.com.br\\\/en\\\/wp-content\\\/uploads\\\/2025\\\/08\\\/Rafael-Beck.jpg\",\"width\":600,\"height\":600,\"caption\":\"Rafael Beck\"},{\"@type\":\"BreadcrumbList\",\"@id\":\"https:\\\/\\\/duobeckmontanaro.com.br\\\/en\\\/rafael-beck\\\/#breadcrumb\",\"itemListElement\":[{\"@type\":\"ListItem\",\"position\":1,\"name\":\"Home\",\"item\":\"https:\\\/\\\/duobeckmontanaro.com.br\\\/en\\\/\"},{\"@type\":\"ListItem\",\"position\":2,\"name\":\"Rafael Beck\"}]},{\"@type\":\"WebSite\",\"@id\":\"https:\\\/\\\/duobeckmontanaro.com.br\\\/en\\\/#website\",\"url\":\"https:\\\/\\\/duobeckmontanaro.com.br\\\/en\\\/\",\"name\":\"Duo Rafael Beck & Felipe Montanaro | Brazilian Instrumental Music\",\"description\":\"\",\"publisher\":{\"@id\":\"https:\\\/\\\/duobeckmontanaro.com.br\\\/en\\\/#\\\/schema\\\/person\\\/a8785b0ff1930473f0467f098791afab\"},\"potentialAction\":[{\"@type\":\"SearchAction\",\"target\":{\"@type\":\"EntryPoint\",\"urlTemplate\":\"https:\\\/\\\/duobeckmontanaro.com.br\\\/en\\\/?s={search_term_string}\"},\"query-input\":{\"@type\":\"PropertyValueSpecification\",\"valueRequired\":true,\"valueName\":\"search_term_string\"}}],\"inLanguage\":\"pt-BR\"},{\"@type\":[\"Person\",\"Organization\"],\"@id\":\"https:\\\/\\\/duobeckmontanaro.com.br\\\/en\\\/#\\\/schema\\\/person\\\/a8785b0ff1930473f0467f098791afab\",\"name\":\"Duo Beck e Montanaro\",\"image\":{\"@type\":\"ImageObject\",\"inLanguage\":\"pt-BR\",\"@id\":\"https:\\\/\\\/duobeckmontanaro.com.br\\\/en\\\/wp-content\\\/uploads\\\/2025\\\/08\\\/Duo_Logo_Preto_Vertical.png\",\"url\":\"https:\\\/\\\/duobeckmontanaro.com.br\\\/en\\\/wp-content\\\/uploads\\\/2025\\\/08\\\/Duo_Logo_Preto_Vertical.png\",\"contentUrl\":\"https:\\\/\\\/duobeckmontanaro.com.br\\\/en\\\/wp-content\\\/uploads\\\/2025\\\/08\\\/Duo_Logo_Preto_Vertical.png\",\"width\":1500,\"height\":655,\"caption\":\"Duo Beck e Montanaro\"},\"logo\":{\"@id\":\"https:\\\/\\\/duobeckmontanaro.com.br\\\/en\\\/wp-content\\\/uploads\\\/2025\\\/08\\\/Duo_Logo_Preto_Vertical.png\"}}]}<\/script>\n<!-- \/ Yoast SEO plugin. -->","yoast_head_json":{"title":"Rafael Beck | Duo Rafael Beck &amp; Felipe Montanaro | Brazilian Instrumental Music","description":"Rafael Beck \u00e9 um multi-instrumentista de grande versatilidade, cuja trajet\u00f3ria musical come\u00e7ou aos seis anos de idade, quando iniciou seus estudos em flauta doce.","robots":{"index":"index","follow":"follow","max-snippet":"max-snippet:-1","max-image-preview":"max-image-preview:large","max-video-preview":"max-video-preview:-1"},"canonical":"https:\/\/duobeckmontanaro.com.br\/en\/rafael-beck\/","og_locale":"pt_BR","og_type":"article","og_title":"Rafael Beck | Duo Rafael Beck &amp; Felipe Montanaro | Brazilian Instrumental Music","og_description":"Rafael Beck \u00e9 um multi-instrumentista de grande versatilidade, cuja trajet\u00f3ria musical come\u00e7ou aos seis anos de idade, quando iniciou seus estudos em flauta doce.","og_url":"https:\/\/duobeckmontanaro.com.br\/en\/rafael-beck\/","og_site_name":"Duo Rafael Beck &amp; Felipe Montanaro | Brazilian Instrumental Music","article_modified_time":"2025-10-21T00:42:22+00:00","og_image":[{"width":600,"height":600,"url":"https:\/\/duobeckmontanaro.com.br\/en\/wp-content\/uploads\/2025\/08\/Rafael-Beck.jpg","type":"image\/jpeg"}],"twitter_card":"summary_large_image","twitter_misc":{"Est. tempo de leitura":"2 minutos"},"schema":{"@context":"https:\/\/schema.org","@graph":[{"@type":"WebPage","@id":"https:\/\/duobeckmontanaro.com.br\/en\/rafael-beck\/","url":"https:\/\/duobeckmontanaro.com.br\/en\/rafael-beck\/","name":"Rafael Beck | Duo Rafael Beck &amp; Felipe Montanaro | Brazilian Instrumental Music","isPartOf":{"@id":"https:\/\/duobeckmontanaro.com.br\/en\/#website"},"primaryImageOfPage":{"@id":"https:\/\/duobeckmontanaro.com.br\/en\/rafael-beck\/#primaryimage"},"image":{"@id":"https:\/\/duobeckmontanaro.com.br\/en\/rafael-beck\/#primaryimage"},"thumbnailUrl":"https:\/\/duobeckmontanaro.com.br\/en\/wp-content\/uploads\/2025\/08\/Rafael-Beck.jpg","datePublished":"2025-08-14T01:31:42+00:00","dateModified":"2025-10-21T00:42:22+00:00","description":"Rafael Beck \u00e9 um multi-instrumentista de grande versatilidade, cuja trajet\u00f3ria musical come\u00e7ou aos seis anos de idade, quando iniciou seus estudos em flauta doce.","breadcrumb":{"@id":"https:\/\/duobeckmontanaro.com.br\/en\/rafael-beck\/#breadcrumb"},"inLanguage":"pt-BR","potentialAction":[{"@type":"ReadAction","target":["https:\/\/duobeckmontanaro.com.br\/en\/rafael-beck\/"]}]},{"@type":"ImageObject","inLanguage":"pt-BR","@id":"https:\/\/duobeckmontanaro.com.br\/en\/rafael-beck\/#primaryimage","url":"https:\/\/duobeckmontanaro.com.br\/en\/wp-content\/uploads\/2025\/08\/Rafael-Beck.jpg","contentUrl":"https:\/\/duobeckmontanaro.com.br\/en\/wp-content\/uploads\/2025\/08\/Rafael-Beck.jpg","width":600,"height":600,"caption":"Rafael Beck"},{"@type":"BreadcrumbList","@id":"https:\/\/duobeckmontanaro.com.br\/en\/rafael-beck\/#breadcrumb","itemListElement":[{"@type":"ListItem","position":1,"name":"Home","item":"https:\/\/duobeckmontanaro.com.br\/en\/"},{"@type":"ListItem","position":2,"name":"Rafael Beck"}]},{"@type":"WebSite","@id":"https:\/\/duobeckmontanaro.com.br\/en\/#website","url":"https:\/\/duobeckmontanaro.com.br\/en\/","name":"Duo Rafael Beck & Felipe Montanaro | Brazilian Instrumental Music","description":"","publisher":{"@id":"https:\/\/duobeckmontanaro.com.br\/en\/#\/schema\/person\/a8785b0ff1930473f0467f098791afab"},"potentialAction":[{"@type":"SearchAction","target":{"@type":"EntryPoint","urlTemplate":"https:\/\/duobeckmontanaro.com.br\/en\/?s={search_term_string}"},"query-input":{"@type":"PropertyValueSpecification","valueRequired":true,"valueName":"search_term_string"}}],"inLanguage":"pt-BR"},{"@type":["Person","Organization"],"@id":"https:\/\/duobeckmontanaro.com.br\/en\/#\/schema\/person\/a8785b0ff1930473f0467f098791afab","name":"Duo Beck e Montanaro","image":{"@type":"ImageObject","inLanguage":"pt-BR","@id":"https:\/\/duobeckmontanaro.com.br\/en\/wp-content\/uploads\/2025\/08\/Duo_Logo_Preto_Vertical.png","url":"https:\/\/duobeckmontanaro.com.br\/en\/wp-content\/uploads\/2025\/08\/Duo_Logo_Preto_Vertical.png","contentUrl":"https:\/\/duobeckmontanaro.com.br\/en\/wp-content\/uploads\/2025\/08\/Duo_Logo_Preto_Vertical.png","width":1500,"height":655,"caption":"Duo Beck e Montanaro"},"logo":{"@id":"https:\/\/duobeckmontanaro.com.br\/en\/wp-content\/uploads\/2025\/08\/Duo_Logo_Preto_Vertical.png"}}]}},"_links":{"self":[{"href":"https:\/\/duobeckmontanaro.com.br\/en\/wp-json\/wp\/v2\/pages\/1086","targetHints":{"allow":["GET"]}}],"collection":[{"href":"https:\/\/duobeckmontanaro.com.br\/en\/wp-json\/wp\/v2\/pages"}],"about":[{"href":"https:\/\/duobeckmontanaro.com.br\/en\/wp-json\/wp\/v2\/types\/page"}],"author":[{"embeddable":true,"href":"https:\/\/duobeckmontanaro.com.br\/en\/wp-json\/wp\/v2\/users\/1"}],"replies":[{"embeddable":true,"href":"https:\/\/duobeckmontanaro.com.br\/en\/wp-json\/wp\/v2\/comments?post=1086"}],"version-history":[{"count":37,"href":"https:\/\/duobeckmontanaro.com.br\/en\/wp-json\/wp\/v2\/pages\/1086\/revisions"}],"predecessor-version":[{"id":1744,"href":"https:\/\/duobeckmontanaro.com.br\/en\/wp-json\/wp\/v2\/pages\/1086\/revisions\/1744"}],"wp:attachment":[{"href":"https:\/\/duobeckmontanaro.com.br\/en\/wp-json\/wp\/v2\/media?parent=1086"}],"curies":[{"name":"wp","href":"https:\/\/api.w.org\/{rel}","templated":true}]}}